{"id":1083,"date":"2025-02-21T04:02:32","date_gmt":"2025-02-21T04:02:32","guid":{"rendered":"https:\/\/chinwooandescolombia.com\/?page_id=1083"},"modified":"2025-02-22T04:04:26","modified_gmt":"2025-02-22T04:04:26","slug":"centro-de-la-virtud-marcial","status":"publish","type":"page","link":"https:\/\/chinwooandescolombia.com\/?page_id=1083","title":{"rendered":"Centro de la virtud marcial"},"content":{"rendered":"\n<figure class=\"wp-block-image size-full\"><img loading=\"lazy\" decoding=\"async\" width=\"1248\" height=\"406\" src=\"https:\/\/chinwooandescolombia.com\/wp-content\/uploads\/2025\/02\/image-45.png\" alt=\"\" class=\"wp-image-1167\" srcset=\"https:\/\/chinwooandescolombia.com\/wp-content\/uploads\/2025\/02\/image-45.png 1248w, https:\/\/chinwooandescolombia.com\/wp-content\/uploads\/2025\/02\/image-45-300x98.png 300w, https:\/\/chinwooandescolombia.com\/wp-content\/uploads\/2025\/02\/image-45-1024x333.png 1024w, https:\/\/chinwooandescolombia.com\/wp-content\/uploads\/2025\/02\/image-45-768x250.png 768w\" sizes=\"auto, (max-width: 1248px) 100vw, 1248px\" \/><\/figure>\n\n\n\n<p>El Centro de la Virtud Marcial es la sede de la Asociaci\u00f3n Atl\u00e9tica Chin Woo Andes Colombia, las instalaciones ubicadas en la ciudad de Bogot\u00e1 D.C., se empezaron a construir en el a\u00f1o 2000, desde entonces es un espacio para la promoci\u00f3n y difusi\u00f3n de la cultura china. Actualmente ofrece un ambiente para acercarse a la cosmovisi\u00f3n china a trav\u00e9s de su medicina, pr\u00e1cticas corporales y artes marciales, incluyendo estrategias tradicionales y mecanismos especiales de entrenamiento.<\/p>\n\n\n\n<p><strong>Historia:<\/strong><\/p>\n\n\n\n<p>El Centro de la Virtud Marcial nace como parte del proyecto de vida de sus fundadores, quienes motivados por la cultura china y en especial la pr\u00e1ctica y ense\u00f1anza del Wu Shu Kung fu, deciden iniciar su propia Escuela de formaci\u00f3n en 1999 en el Parque metropolitano Sim\u00f3n Bol\u00edvar, con un fuerte \u00e9nfasis en el manejo de armas tradicionales y defensa personal para artistas marciales con una formaci\u00f3n avanzada; sin embargo, poco a poco llegaron personas nuevas, lo que llev\u00f3 a conformar la Escuela de formaci\u00f3n Chi Gun Bao Dao y participar en diferentes torneos. En el a\u00f1o 2000 se adquiere el terreno d\u00f3nde finalmente se realiza la construcci\u00f3n de la sede y poco a poco los entrenamientos se centralizan all\u00ed.<\/p>\n\n\n\n<p><strong>Valores:<\/strong><\/p>\n\n\n\n<p><strong>N<\/strong>os reservamos el derecho de admisi\u00f3n porque las actividades en el Centro de la Virtud Marcial se rigen por normas de respeto, cuidado y responsabilidad, se requiere el compromiso por parte del practicante de respetar la integridad propia, de los otros y lo otro, dentro y fuera de las instalaciones. Es imprescindible el cumplimiento de estas normas, as\u00ed como la comprensi\u00f3n del dec\u00e1logo de la tradici\u00f3n marcial y dem\u00e1s principios en donde se busca convertir la competitividad en autoobservaci\u00f3n y autoexigencia.<\/p>\n\n\n\n<p>En el Centro de la Virtud Marcial la <strong>Escuela de Wu Shu Kung fu \u201cTai Lei\u201d<\/strong> para ni\u00f1os, j\u00f3venes y adultos y la <strong>Escuela de Taichi Chuan \u201cChing Chi Chen\u201d<\/strong> desarrollan sus actividades cotidianas, tambi\u00e9n se imparten talleres, cursos y se comparte conocimiento para aportar al bienestar de deportistas, grupos y personas en general.<\/p>\n\n\n\n<p><\/p>\n","protected":false},"excerpt":{"rendered":"<p>El Centro de la Virtud Marcial es la sede de la Asociaci\u00f3n Atl\u00e9tica Chin Woo Andes Colombia, las instalaciones ubicadas en la ciudad de Bogot\u00e1 D.C., se empezaron a construir en el a\u00f1o 2000, desde entonces es un espacio para la promoci\u00f3n y difusi\u00f3n de la cultura china. Actualmente ofrece un ambiente para acercarse a [&hellip;]<\/p>\n","protected":false},"author":1,"featured_media":0,"parent":0,"menu_order":0,"comment_status":"closed","ping_status":"closed","template":"","meta":{"footnotes":""},"class_list":["post-1083","page","type-page","status-publish","hentry"],"_links":{"self":[{"href":"https:\/\/chinwooandescolombia.com\/index.php?rest_route=\/wp\/v2\/pages\/1083","targetHints":{"allow":["GET"]}}],"collection":[{"href":"https:\/\/chinwooandescolombia.com\/index.php?rest_route=\/wp\/v2\/pages"}],"about":[{"href":"https:\/\/chinwooandescolombia.com\/index.php?rest_route=\/wp\/v2\/types\/page"}],"author":[{"embeddable":true,"href":"https:\/\/chinwooandescolombia.com\/index.php?rest_route=\/wp\/v2\/users\/1"}],"replies":[{"embeddable":true,"href":"https:\/\/chinwooandescolombia.com\/index.php?rest_route=%2Fwp%2Fv2%2Fcomments&post=1083"}],"version-history":[{"count":20,"href":"https:\/\/chinwooandescolombia.com\/index.php?rest_route=\/wp\/v2\/pages\/1083\/revisions"}],"predecessor-version":[{"id":1301,"href":"https:\/\/chinwooandescolombia.com\/index.php?rest_route=\/wp\/v2\/pages\/1083\/revisions\/1301"}],"wp:attachment":[{"href":"https:\/\/chinwooandescolombia.com\/index.php?rest_route=%2Fwp%2Fv2%2Fmedia&parent=1083"}],"curies":[{"name":"wp","href":"https:\/\/api.w.org\/{rel}","templated":true}]}}